{"id":251,"date":"2023-09-27T12:14:15","date_gmt":"2023-09-27T12:14:15","guid":{"rendered":"https:\/\/laluisianaelcampillo.com\/?page_id=251"},"modified":"2024-02-26T10:37:43","modified_gmt":"2024-02-26T10:37:43","slug":"cultura","status":"publish","type":"page","link":"https:\/\/laluisianaelcampillo.com\/index.php\/cultura\/","title":{"rendered":"Cultura"},"content":{"rendered":"\n<h5 class=\"gb-headline gb-headline-db53c294 gb-headline-text\">CULTURA EN LA LUISIANA \/ EL CAMPILLO<\/h5>\n\n\n\n<p style=\"text-align: justify;\">La cultura desempe\u00f1a un papel fundamental en la vida de los pueblos, une a las personas proporcionando una identidad colectiva propia. Es uno de los eslabones m\u00e1s importantes que mantiene unidos a sus residentes proporcionando identidad, enriqueciendo sus experiencias y fomentando las relaciones entre los vecinos. La diversidad cultural enriquece la vida ayudando a la construcci\u00f3n de una sociedad m\u00e1s inclusiva y armoniosa.<\/p>\n<p style=\"text-align: justify;\">El patrimonio cultural de nuestro municipio no solo se manifiesta en sus tradiciones arraigadas, sino tambi\u00e9n en las relaciones interpersonales, en el modo de vida de nuestros habitantes. Estas pr\u00e1cticas fortalecen los lazos entre generaciones, pilar fundamental que sustenta nuestra cohesi\u00f3n social, moldeando la identidad de nuestros vecinos, consiguiendo que seamos m\u00e1s solidarios y humanos.<\/p>\n<p style=\"text-align: justify;\">En La Luisiana \/ El Campillo, disponemos de una amplia variedad de expresiones art\u00edsticas, desde la m\u00fasica, literatura, artes dram\u00e1ticas, pintura, asociaciones culturales etc. medios a trav\u00e9s de los cuales expresamos nuestras emociones, creencias y experiencias.<\/p>\n<p style=\"text-align: center;\"><strong>\u00a1Alimentamos la imaginaci\u00f3n enriqueciendo nuestra vida cotidiana!<\/strong><\/p>\n<p><em>Por Julio Jim\u00e9nez<\/em><\/p>\n<p>&nbsp;<\/p>\n\n\n\n<h6 class=\"wp-block-heading\">Haz clic en la foto para abrir su web<\/h6>\n\n\n\n<div class=\"wp-block-columns is-layout-flex wp-container-core-columns-is-layout-9d6595d7 wp-block-columns-is-layout-flex\">\n<div class=\"wp-block-column is-layout-flow wp-block-column-is-layout-flow\">\n<figure class=\"gb-block-image gb-block-image-d2728714\"><a href=\"https:\/\/laluisianaelcampillo.com\/?p=498\" target=\"_blank\" rel=\"noopener noreferrer\"><img loading=\"lazy\" decoding=\"async\" width=\"1920\" height=\"1280\" class=\"gb-image gb-image-d2728714\" src=\"http:\/\/laluisianaelcampillo.com\/wp-content\/uploads\/2023\/10\/LA-CANDELARIA.-EL-CAMPILLO.jpg\" alt=\"\" title=\"LA CANDELARIA. EL CAMPILLO\" srcset=\"https:\/\/laluisianaelcampillo.com\/wp-content\/uploads\/2023\/10\/LA-CANDELARIA.-EL-CAMPILLO.jpg 1920w, https:\/\/laluisianaelcampillo.com\/wp-content\/uploads\/2023\/10\/LA-CANDELARIA.-EL-CAMPILLO-300x200.jpg 300w, https:\/\/laluisianaelcampillo.com\/wp-content\/uploads\/2023\/10\/LA-CANDELARIA.-EL-CAMPILLO-1024x683.jpg 1024w, https:\/\/laluisianaelcampillo.com\/wp-content\/uploads\/2023\/10\/LA-CANDELARIA.-EL-CAMPILLO-768x512.jpg 768w, https:\/\/laluisianaelcampillo.com\/wp-content\/uploads\/2023\/10\/LA-CANDELARIA.-EL-CAMPILLO-1536x1024.jpg 1536w\" sizes=\"auto, (max-width: 1920px) 100vw, 1920px\" \/><\/a><\/figure>\n<\/div>\n\n\n\n<div class=\"wp-block-column is-layout-flow wp-block-column-is-layout-flow\">\n<figure class=\"gb-block-image gb-block-image-4918bd3e\"><a href=\"https:\/\/laluisianaelcampillo.com\/index.php\/2023\/11\/04\/romeria-vgen-de-fatima-el-campillo\/\" target=\"_blank\" rel=\"noopener noreferrer\"><img loading=\"lazy\" decoding=\"async\" width=\"1920\" height=\"1280\" class=\"gb-image gb-image-4918bd3e\" src=\"http:\/\/laluisianaelcampillo.com\/wp-content\/uploads\/2023\/11\/Romeria-Vgen.-Fatima.-Portada-1.jpg\" alt=\"\" title=\"Romer\u00eda Vgen. Fatima. Portada 1\" srcset=\"https:\/\/laluisianaelcampillo.com\/wp-content\/uploads\/2023\/11\/Romeria-Vgen.-Fatima.-Portada-1.jpg 1920w, https:\/\/laluisianaelcampillo.com\/wp-content\/uploads\/2023\/11\/Romeria-Vgen.-Fatima.-Portada-1-300x200.jpg 300w, https:\/\/laluisianaelcampillo.com\/wp-content\/uploads\/2023\/11\/Romeria-Vgen.-Fatima.-Portada-1-1024x683.jpg 1024w, https:\/\/laluisianaelcampillo.com\/wp-content\/uploads\/2023\/11\/Romeria-Vgen.-Fatima.-Portada-1-768x512.jpg 768w, https:\/\/laluisianaelcampillo.com\/wp-content\/uploads\/2023\/11\/Romeria-Vgen.-Fatima.-Portada-1-1536x1024.jpg 1536w\" sizes=\"auto, (max-width: 1920px) 100vw, 1920px\" \/><\/a><\/figure>\n<\/div>\n<\/div>\n\n\n\n<div class=\"wp-block-columns is-layout-flex wp-container-core-columns-is-layout-9d6595d7 wp-block-columns-is-layout-flex\">\n<div class=\"wp-block-column is-layout-flow wp-block-column-is-layout-flow\">\n<figure class=\"gb-block-image gb-block-image-44ac4363\"><a href=\"https:\/\/laluisianaelcampillo.com\/?p=1221\" target=\"_blank\" rel=\"noopener noreferrer\"><img loading=\"lazy\" decoding=\"async\" width=\"1920\" height=\"1280\" class=\"gb-image gb-image-44ac4363\" src=\"http:\/\/laluisianaelcampillo.com\/wp-content\/uploads\/2024\/02\/ROMERIA-NTRA.-SRA.-DE-LA-INMACULADA.-LA-LUISIANA-1.jpg\" alt=\"\" title=\"ROMER\u00cdA NTRA. SRA. DE LA INMACULADA. LA LUISIANA\" srcset=\"https:\/\/laluisianaelcampillo.com\/wp-content\/uploads\/2024\/02\/ROMERIA-NTRA.-SRA.-DE-LA-INMACULADA.-LA-LUISIANA-1.jpg 1920w, https:\/\/laluisianaelcampillo.com\/wp-content\/uploads\/2024\/02\/ROMERIA-NTRA.-SRA.-DE-LA-INMACULADA.-LA-LUISIANA-1-300x200.jpg 300w, https:\/\/laluisianaelcampillo.com\/wp-content\/uploads\/2024\/02\/ROMERIA-NTRA.-SRA.-DE-LA-INMACULADA.-LA-LUISIANA-1-1024x683.jpg 1024w, https:\/\/laluisianaelcampillo.com\/wp-content\/uploads\/2024\/02\/ROMERIA-NTRA.-SRA.-DE-LA-INMACULADA.-LA-LUISIANA-1-768x512.jpg 768w, https:\/\/laluisianaelcampillo.com\/wp-content\/uploads\/2024\/02\/ROMERIA-NTRA.-SRA.-DE-LA-INMACULADA.-LA-LUISIANA-1-1536x1024.jpg 1536w\" sizes=\"auto, (max-width: 1920px) 100vw, 1920px\" \/><\/a><\/figure>\n<\/div>\n\n\n\n<div class=\"wp-block-column is-layout-flow wp-block-column-is-layout-flow\"><\/div>\n<\/div>\n","protected":false},"excerpt":{"rendered":"<p>CULTURA EN LA LUISIANA \/ EL CAMPILLO La cultura desempe\u00f1a un papel fundamental en la vida de los pueblos, une a las personas proporcionando una identidad colectiva propia. Es uno de los eslabones m\u00e1s importantes que mantiene unidos a sus residentes proporcionando identidad, enriqueciendo sus experiencias y fomentando las relaciones entre los vecinos. La diversidad &#8230; <\/p>\n<p class=\"read-more-container\"><a title=\"Cultura\" class=\"read-more button\" href=\"https:\/\/laluisianaelcampillo.com\/index.php\/cultura\/#more-251\" aria-label=\"Leer m\u00e1s sobre Cultura\">Leer M\u00e1s<\/a><\/p>\n","protected":false},"author":1,"featured_media":1092,"parent":0,"menu_order":0,"comment_status":"closed","ping_status":"closed","template":"","meta":{"ngg_post_thumbnail":0,"footnotes":""},"class_list":{"0":"post-251","1":"page","2":"type-page","3":"status-publish","4":"has-post-thumbnail","6":"no-featured-image-padding"},"yoast_head":"<!-- This site is optimized with the Yoast SEO plugin v27.3 - https:\/\/yoast.com\/product\/yoast-seo-wordpress\/ -->\n<title>Cultura - La Luisiana \/ El Campillo<\/title>\n<meta name=\"robots\" content=\"index, follow, max-snippet:-1, max-image-preview:large, max-video-preview:-1\" \/>\n<link rel=\"canonical\" href=\"https:\/\/laluisianaelcampillo.com\/index.php\/cultura\/\" \/>\n<meta property=\"og:locale\" content=\"es_ES\" \/>\n<meta property=\"og:type\" content=\"article\" \/>\n<meta property=\"og:title\" content=\"Cultura - La Luisiana \/ El Campillo\" \/>\n<meta property=\"og:description\" content=\"CULTURA EN LA LUISIANA \/ EL CAMPILLO La cultura desempe\u00f1a un papel fundamental en la vida de los pueblos, une a las personas proporcionando una identidad colectiva propia. Es uno de los eslabones m\u00e1s importantes que mantiene unidos a sus residentes proporcionando identidad, enriqueciendo sus experiencias y fomentando las relaciones entre los vecinos. La diversidad ... Leer M\u00e1s\" \/>\n<meta property=\"og:url\" content=\"https:\/\/laluisianaelcampillo.com\/index.php\/cultura\/\" \/>\n<meta property=\"og:site_name\" content=\"La Luisiana \/ El Campillo\" \/>\n<meta property=\"article:publisher\" content=\"https:\/\/www.facebook.com\/groups\/laluisianaelcampillo\" \/>\n<meta property=\"article:modified_time\" content=\"2024-02-26T10:37:43+00:00\" \/>\n<meta property=\"og:image\" content=\"http:\/\/laluisianaelcampillo.com\/wp-content\/uploads\/2023\/12\/Cultura.jpg\" \/>\n\t<meta property=\"og:image:width\" content=\"1280\" \/>\n\t<meta property=\"og:image:height\" content=\"455\" \/>\n\t<meta property=\"og:image:type\" content=\"image\/jpeg\" \/>\n<meta name=\"twitter:card\" content=\"summary_large_image\" \/>\n<meta name=\"twitter:label1\" content=\"Tiempo de lectura\" \/>\n\t<meta name=\"twitter:data1\" content=\"2 minutos\" \/>\n<script type=\"application\/ld+json\" class=\"yoast-schema-graph\">{\"@context\":\"https:\\\/\\\/schema.org\",\"@graph\":[{\"@type\":\"WebPage\",\"@id\":\"https:\\\/\\\/laluisianaelcampillo.com\\\/index.php\\\/cultura\\\/\",\"url\":\"https:\\\/\\\/laluisianaelcampillo.com\\\/index.php\\\/cultura\\\/\",\"name\":\"Cultura - La Luisiana \\\/ El Campillo\",\"isPartOf\":{\"@id\":\"https:\\\/\\\/laluisianaelcampillo.com\\\/#website\"},\"primaryImageOfPage\":{\"@id\":\"https:\\\/\\\/laluisianaelcampillo.com\\\/index.php\\\/cultura\\\/#primaryimage\"},\"image\":{\"@id\":\"https:\\\/\\\/laluisianaelcampillo.com\\\/index.php\\\/cultura\\\/#primaryimage\"},\"thumbnailUrl\":\"https:\\\/\\\/laluisianaelcampillo.com\\\/wp-content\\\/uploads\\\/2023\\\/12\\\/Cultura.jpg\",\"datePublished\":\"2023-09-27T12:14:15+00:00\",\"dateModified\":\"2024-02-26T10:37:43+00:00\",\"breadcrumb\":{\"@id\":\"https:\\\/\\\/laluisianaelcampillo.com\\\/index.php\\\/cultura\\\/#breadcrumb\"},\"inLanguage\":\"es\",\"potentialAction\":[{\"@type\":\"ReadAction\",\"target\":[\"https:\\\/\\\/laluisianaelcampillo.com\\\/index.php\\\/cultura\\\/\"]}]},{\"@type\":\"ImageObject\",\"inLanguage\":\"es\",\"@id\":\"https:\\\/\\\/laluisianaelcampillo.com\\\/index.php\\\/cultura\\\/#primaryimage\",\"url\":\"https:\\\/\\\/laluisianaelcampillo.com\\\/wp-content\\\/uploads\\\/2023\\\/12\\\/Cultura.jpg\",\"contentUrl\":\"https:\\\/\\\/laluisianaelcampillo.com\\\/wp-content\\\/uploads\\\/2023\\\/12\\\/Cultura.jpg\",\"width\":1280,\"height\":455},{\"@type\":\"BreadcrumbList\",\"@id\":\"https:\\\/\\\/laluisianaelcampillo.com\\\/index.php\\\/cultura\\\/#breadcrumb\",\"itemListElement\":[{\"@type\":\"ListItem\",\"position\":1,\"name\":\"Portada\",\"item\":\"https:\\\/\\\/laluisianaelcampillo.com\\\/\"},{\"@type\":\"ListItem\",\"position\":2,\"name\":\"Cultura\"}]},{\"@type\":\"WebSite\",\"@id\":\"https:\\\/\\\/laluisianaelcampillo.com\\\/#website\",\"url\":\"https:\\\/\\\/laluisianaelcampillo.com\\\/\",\"name\":\"La Luisiana \\\/ El Campillo\",\"description\":\"La Luisiana \\\/ El Campillo\",\"publisher\":{\"@id\":\"https:\\\/\\\/laluisianaelcampillo.com\\\/#organization\"},\"potentialAction\":[{\"@type\":\"SearchAction\",\"target\":{\"@type\":\"EntryPoint\",\"urlTemplate\":\"https:\\\/\\\/laluisianaelcampillo.com\\\/?s={search_term_string}\"},\"query-input\":{\"@type\":\"PropertyValueSpecification\",\"valueRequired\":true,\"valueName\":\"search_term_string\"}}],\"inLanguage\":\"es\"},{\"@type\":\"Organization\",\"@id\":\"https:\\\/\\\/laluisianaelcampillo.com\\\/#organization\",\"name\":\"La Luisiana \\\/ El Campillo\",\"url\":\"https:\\\/\\\/laluisianaelcampillo.com\\\/\",\"logo\":{\"@type\":\"ImageObject\",\"inLanguage\":\"es\",\"@id\":\"https:\\\/\\\/laluisianaelcampillo.com\\\/#\\\/schema\\\/logo\\\/image\\\/\",\"url\":\"https:\\\/\\\/laluisianaelcampillo.com\\\/wp-content\\\/uploads\\\/2023\\\/09\\\/cropped-Cartel-entrada-Video.-Grupo-La-Luisiana.-El-Campillo-1.png\",\"contentUrl\":\"https:\\\/\\\/laluisianaelcampillo.com\\\/wp-content\\\/uploads\\\/2023\\\/09\\\/cropped-Cartel-entrada-Video.-Grupo-La-Luisiana.-El-Campillo-1.png\",\"width\":512,\"height\":512,\"caption\":\"La Luisiana \\\/ El Campillo\"},\"image\":{\"@id\":\"https:\\\/\\\/laluisianaelcampillo.com\\\/#\\\/schema\\\/logo\\\/image\\\/\"},\"sameAs\":[\"https:\\\/\\\/www.facebook.com\\\/groups\\\/laluisianaelcampillo\"]}]}<\/script>\n<!-- \/ Yoast SEO plugin. -->","yoast_head_json":{"title":"Cultura - La Luisiana \/ El Campillo","robots":{"index":"index","follow":"follow","max-snippet":"max-snippet:-1","max-image-preview":"max-image-preview:large","max-video-preview":"max-video-preview:-1"},"canonical":"https:\/\/laluisianaelcampillo.com\/index.php\/cultura\/","og_locale":"es_ES","og_type":"article","og_title":"Cultura - La Luisiana \/ El Campillo","og_description":"CULTURA EN LA LUISIANA \/ EL CAMPILLO La cultura desempe\u00f1a un papel fundamental en la vida de los pueblos, une a las personas proporcionando una identidad colectiva propia. Es uno de los eslabones m\u00e1s importantes que mantiene unidos a sus residentes proporcionando identidad, enriqueciendo sus experiencias y fomentando las relaciones entre los vecinos. La diversidad ... Leer M\u00e1s","og_url":"https:\/\/laluisianaelcampillo.com\/index.php\/cultura\/","og_site_name":"La Luisiana \/ El Campillo","article_publisher":"https:\/\/www.facebook.com\/groups\/laluisianaelcampillo","article_modified_time":"2024-02-26T10:37:43+00:00","og_image":[{"width":1280,"height":455,"url":"http:\/\/laluisianaelcampillo.com\/wp-content\/uploads\/2023\/12\/Cultura.jpg","type":"image\/jpeg"}],"twitter_card":"summary_large_image","twitter_misc":{"Tiempo de lectura":"2 minutos"},"schema":{"@context":"https:\/\/schema.org","@graph":[{"@type":"WebPage","@id":"https:\/\/laluisianaelcampillo.com\/index.php\/cultura\/","url":"https:\/\/laluisianaelcampillo.com\/index.php\/cultura\/","name":"Cultura - La Luisiana \/ El Campillo","isPartOf":{"@id":"https:\/\/laluisianaelcampillo.com\/#website"},"primaryImageOfPage":{"@id":"https:\/\/laluisianaelcampillo.com\/index.php\/cultura\/#primaryimage"},"image":{"@id":"https:\/\/laluisianaelcampillo.com\/index.php\/cultura\/#primaryimage"},"thumbnailUrl":"https:\/\/laluisianaelcampillo.com\/wp-content\/uploads\/2023\/12\/Cultura.jpg","datePublished":"2023-09-27T12:14:15+00:00","dateModified":"2024-02-26T10:37:43+00:00","breadcrumb":{"@id":"https:\/\/laluisianaelcampillo.com\/index.php\/cultura\/#breadcrumb"},"inLanguage":"es","potentialAction":[{"@type":"ReadAction","target":["https:\/\/laluisianaelcampillo.com\/index.php\/cultura\/"]}]},{"@type":"ImageObject","inLanguage":"es","@id":"https:\/\/laluisianaelcampillo.com\/index.php\/cultura\/#primaryimage","url":"https:\/\/laluisianaelcampillo.com\/wp-content\/uploads\/2023\/12\/Cultura.jpg","contentUrl":"https:\/\/laluisianaelcampillo.com\/wp-content\/uploads\/2023\/12\/Cultura.jpg","width":1280,"height":455},{"@type":"BreadcrumbList","@id":"https:\/\/laluisianaelcampillo.com\/index.php\/cultura\/#breadcrumb","itemListElement":[{"@type":"ListItem","position":1,"name":"Portada","item":"https:\/\/laluisianaelcampillo.com\/"},{"@type":"ListItem","position":2,"name":"Cultura"}]},{"@type":"WebSite","@id":"https:\/\/laluisianaelcampillo.com\/#website","url":"https:\/\/laluisianaelcampillo.com\/","name":"La Luisiana \/ El Campillo","description":"La Luisiana \/ El Campillo","publisher":{"@id":"https:\/\/laluisianaelcampillo.com\/#organization"},"potentialAction":[{"@type":"SearchAction","target":{"@type":"EntryPoint","urlTemplate":"https:\/\/laluisianaelcampillo.com\/?s={search_term_string}"},"query-input":{"@type":"PropertyValueSpecification","valueRequired":true,"valueName":"search_term_string"}}],"inLanguage":"es"},{"@type":"Organization","@id":"https:\/\/laluisianaelcampillo.com\/#organization","name":"La Luisiana \/ El Campillo","url":"https:\/\/laluisianaelcampillo.com\/","logo":{"@type":"ImageObject","inLanguage":"es","@id":"https:\/\/laluisianaelcampillo.com\/#\/schema\/logo\/image\/","url":"https:\/\/laluisianaelcampillo.com\/wp-content\/uploads\/2023\/09\/cropped-Cartel-entrada-Video.-Grupo-La-Luisiana.-El-Campillo-1.png","contentUrl":"https:\/\/laluisianaelcampillo.com\/wp-content\/uploads\/2023\/09\/cropped-Cartel-entrada-Video.-Grupo-La-Luisiana.-El-Campillo-1.png","width":512,"height":512,"caption":"La Luisiana \/ El Campillo"},"image":{"@id":"https:\/\/laluisianaelcampillo.com\/#\/schema\/logo\/image\/"},"sameAs":["https:\/\/www.facebook.com\/groups\/laluisianaelcampillo"]}]}},"_links":{"self":[{"href":"https:\/\/laluisianaelcampillo.com\/index.php\/wp-json\/wp\/v2\/pages\/251","targetHints":{"allow":["GET"]}}],"collection":[{"href":"https:\/\/laluisianaelcampillo.com\/index.php\/wp-json\/wp\/v2\/pages"}],"about":[{"href":"https:\/\/laluisianaelcampillo.com\/index.php\/wp-json\/wp\/v2\/types\/page"}],"author":[{"embeddable":true,"href":"https:\/\/laluisianaelcampillo.com\/index.php\/wp-json\/wp\/v2\/users\/1"}],"replies":[{"embeddable":true,"href":"https:\/\/laluisianaelcampillo.com\/index.php\/wp-json\/wp\/v2\/comments?post=251"}],"version-history":[{"count":18,"href":"https:\/\/laluisianaelcampillo.com\/index.php\/wp-json\/wp\/v2\/pages\/251\/revisions"}],"predecessor-version":[{"id":1232,"href":"https:\/\/laluisianaelcampillo.com\/index.php\/wp-json\/wp\/v2\/pages\/251\/revisions\/1232"}],"wp:featuredmedia":[{"embeddable":true,"href":"https:\/\/laluisianaelcampillo.com\/index.php\/wp-json\/wp\/v2\/media\/1092"}],"wp:attachment":[{"href":"https:\/\/laluisianaelcampillo.com\/index.php\/wp-json\/wp\/v2\/media?parent=251"}],"curies":[{"name":"wp","href":"https:\/\/api.w.org\/{rel}","templated":true}]}}