{"id":245,"date":"2023-09-27T12:06:06","date_gmt":"2023-09-27T12:06:06","guid":{"rendered":"https:\/\/laluisianaelcampillo.com\/?page_id=245"},"modified":"2025-01-04T18:03:17","modified_gmt":"2025-01-04T18:03:17","slug":"empresas","status":"publish","type":"page","link":"https:\/\/laluisianaelcampillo.com\/index.php\/empresas\/","title":{"rendered":"Empresas"},"content":{"rendered":"\n<p style=\"text-align: justify;\">Nuestras empresas juegan un papel fundamental en el desarrollo de nuestros pueblos, ya que no solo generan empleo, sino que tambi\u00e9n impulsan el progreso social contribuyendo al bienestar de la comunidad. A trav\u00e9s de la innovaci\u00f3n, la inversi\u00f3n en infraestructuras y el compromiso con nuestra sociedad, nuestras empresas mejoran la calidad de vida de nuestros vecinos a la vez que estimulan el crecimiento econ\u00f3mico local, factor clave en la construcci\u00f3n de un futuro pr\u00f3spero.<\/p>\n<p style=\"text-align: justify;\">Nuestra principal actividad econ\u00f3mica es la agricultura siendo el latifundio la propiedad predominante y el secano su tipo de explotaci\u00f3n. Cultivos como el trigo, cebada, girasol, remolacha etc. quitan protagonismo al olivo. Nuestra ganader\u00eda se basa en peque\u00f1as explotaciones familiares destacando la granja av\u00edcola como la explotaci\u00f3n ganadera m\u00e1s extendida.<\/p>\n<p style=\"text-align: justify;\">La principal empresa del municipio es PRODOSA (Prote\u00ednas del Olivo S.A.) f\u00e1brica que produce aceites de girasol y orujo de Oliva; junto con talleres de fabricaci\u00f3n de maquinaria agr\u00edcola, carpinter\u00eda met\u00e1lica, cooperativas de maderas, cooperativas de construcci\u00f3n, calderer\u00eda, as\u00ed como industrias en el sector de panificaci\u00f3n y sus derivados, constituyen el tejido industrial de nuestros pueblos La Luisiana \/ El Campillo.<\/p>\n<p style=\"text-align: justify;\">Por Julio Jim\u00e9nez.<\/p>\n\n\n\n<h6 class=\"wp-block-heading\"><em>Haz clic en la imagen para acceder a la p\u00e1gina de la empresa:<\/em><\/h6>\n\n\n\n<div style=\"height:43px\" aria-hidden=\"true\" class=\"wp-block-spacer\"><\/div>\n\n\n\n<div class=\"wp-block-columns is-layout-flex wp-container-core-columns-is-layout-9d6595d7 wp-block-columns-is-layout-flex\">\n<div class=\"wp-block-column is-layout-flow wp-block-column-is-layout-flow\">\n<figure class=\"gb-block-image gb-block-image-c43bfc92\"><a href=\"https:\/\/laluisianaelcampillo.com\/index.php\/2023\/10\/06\/brico-mayru\/\" target=\"_blank\" rel=\"noopener noreferrer\"><img loading=\"lazy\" decoding=\"async\" width=\"1920\" height=\"1280\" class=\"gb-image gb-image-c43bfc92\" src=\"http:\/\/laluisianaelcampillo.com\/wp-content\/uploads\/2023\/10\/Real-Love-1.jpg\" alt=\"\" title=\"Haz clic en la imagen\" srcset=\"https:\/\/laluisianaelcampillo.com\/wp-content\/uploads\/2023\/10\/Real-Love-1.jpg 1920w, https:\/\/laluisianaelcampillo.com\/wp-content\/uploads\/2023\/10\/Real-Love-1-300x200.jpg 300w, https:\/\/laluisianaelcampillo.com\/wp-content\/uploads\/2023\/10\/Real-Love-1-1024x683.jpg 1024w, https:\/\/laluisianaelcampillo.com\/wp-content\/uploads\/2023\/10\/Real-Love-1-768x512.jpg 768w, https:\/\/laluisianaelcampillo.com\/wp-content\/uploads\/2023\/10\/Real-Love-1-1536x1024.jpg 1536w\" sizes=\"auto, (max-width: 1920px) 100vw, 1920px\" \/><\/a><\/figure>\n<\/div>\n\n\n\n<div class=\"wp-block-column is-layout-flow wp-block-column-is-layout-flow\">\n<figure class=\"gb-block-image gb-block-image-980efefc\"><a href=\"https:\/\/laluisianaelcampillo.com\/index.php\/2023\/10\/13\/ingp\/\" target=\"_blank\" rel=\"noopener noreferrer\"><img loading=\"lazy\" decoding=\"async\" width=\"1920\" height=\"1280\" class=\"gb-image gb-image-980efefc\" src=\"http:\/\/laluisianaelcampillo.com\/wp-content\/uploads\/2023\/10\/INGP-portada-1900X1200.jpg\" alt=\"\" title=\"Haz clic en la imagen\" srcset=\"https:\/\/laluisianaelcampillo.com\/wp-content\/uploads\/2023\/10\/INGP-portada-1900X1200.jpg 1920w, https:\/\/laluisianaelcampillo.com\/wp-content\/uploads\/2023\/10\/INGP-portada-1900X1200-300x200.jpg 300w, https:\/\/laluisianaelcampillo.com\/wp-content\/uploads\/2023\/10\/INGP-portada-1900X1200-1024x683.jpg 1024w, https:\/\/laluisianaelcampillo.com\/wp-content\/uploads\/2023\/10\/INGP-portada-1900X1200-768x512.jpg 768w, https:\/\/laluisianaelcampillo.com\/wp-content\/uploads\/2023\/10\/INGP-portada-1900X1200-1536x1024.jpg 1536w\" sizes=\"auto, (max-width: 1920px) 100vw, 1920px\" \/><\/a><\/figure>\n<\/div>\n<\/div>\n\n\n\n<div class=\"wp-block-columns is-layout-flex wp-container-core-columns-is-layout-9d6595d7 wp-block-columns-is-layout-flex\">\n<div class=\"wp-block-column is-layout-flow wp-block-column-is-layout-flow\">\n<figure class=\"gb-block-image gb-block-image-c03564be\"><a href=\"https:\/\/laluisianaelcampillo.com\/index.php\/2023\/11\/11\/carruajes-la-luisiana\/\" target=\"_blank\" rel=\"noopener noreferrer\"><img loading=\"lazy\" decoding=\"async\" width=\"1920\" height=\"1280\" class=\"gb-image gb-image-c03564be\" src=\"http:\/\/laluisianaelcampillo.com\/wp-content\/uploads\/2023\/11\/Carruajes-La-Luisiana-2.jpg\" alt=\"\" title=\"Carruajes La Luisiana (2)\" srcset=\"https:\/\/laluisianaelcampillo.com\/wp-content\/uploads\/2023\/11\/Carruajes-La-Luisiana-2.jpg 1920w, https:\/\/laluisianaelcampillo.com\/wp-content\/uploads\/2023\/11\/Carruajes-La-Luisiana-2-300x200.jpg 300w, https:\/\/laluisianaelcampillo.com\/wp-content\/uploads\/2023\/11\/Carruajes-La-Luisiana-2-1024x683.jpg 1024w, https:\/\/laluisianaelcampillo.com\/wp-content\/uploads\/2023\/11\/Carruajes-La-Luisiana-2-768x512.jpg 768w, https:\/\/laluisianaelcampillo.com\/wp-content\/uploads\/2023\/11\/Carruajes-La-Luisiana-2-1536x1024.jpg 1536w\" sizes=\"auto, (max-width: 1920px) 100vw, 1920px\" \/><\/a><\/figure>\n<\/div>\n\n\n\n<div class=\"wp-block-column is-layout-flow wp-block-column-is-layout-flow\">\n<figure class=\"gb-block-image gb-block-image-da255545\"><a href=\"https:\/\/laluisianaelcampillo.com\/index.php\/2023\/11\/19\/restaurante-lolita-lounge\/\" target=\"_blank\" rel=\"noopener noreferrer\"><img loading=\"lazy\" decoding=\"async\" width=\"1920\" height=\"1280\" class=\"gb-image gb-image-da255545\" src=\"http:\/\/laluisianaelcampillo.com\/wp-content\/uploads\/2023\/11\/Rest.-Lolita-Lounge.-1920X1280.jpg\" alt=\"\" title=\"Rest. Lolita Lounge. 1920X1280\" srcset=\"https:\/\/laluisianaelcampillo.com\/wp-content\/uploads\/2023\/11\/Rest.-Lolita-Lounge.-1920X1280.jpg 1920w, https:\/\/laluisianaelcampillo.com\/wp-content\/uploads\/2023\/11\/Rest.-Lolita-Lounge.-1920X1280-300x200.jpg 300w, https:\/\/laluisianaelcampillo.com\/wp-content\/uploads\/2023\/11\/Rest.-Lolita-Lounge.-1920X1280-1024x683.jpg 1024w, https:\/\/laluisianaelcampillo.com\/wp-content\/uploads\/2023\/11\/Rest.-Lolita-Lounge.-1920X1280-768x512.jpg 768w, https:\/\/laluisianaelcampillo.com\/wp-content\/uploads\/2023\/11\/Rest.-Lolita-Lounge.-1920X1280-1536x1024.jpg 1536w\" sizes=\"auto, (max-width: 1920px) 100vw, 1920px\" \/><\/a>\n<figcaption class=\"gb-headline gb-headline-c5ce80db gb-headline-text\">Restaurante Lolita Lounge<\/figcaption>\n<\/figure>\n<\/div>\n<\/div>\n\n\n\n<div class=\"wp-block-columns is-layout-flex wp-container-core-columns-is-layout-9d6595d7 wp-block-columns-is-layout-flex\">\n<div class=\"wp-block-column is-layout-flow wp-block-column-is-layout-flow\">\n<figure class=\"gb-block-image gb-block-image-f450cd15\"><a href=\"https:\/\/laluisianaelcampillo.com\/index.php\/2023\/11\/20\/ferreteria-drogueria-hnos-sanchez-marquez\/\" target=\"_blank\" rel=\"noopener noreferrer\"><img loading=\"lazy\" decoding=\"async\" width=\"1920\" height=\"1280\" class=\"gb-image gb-image-f450cd15\" src=\"http:\/\/laluisianaelcampillo.com\/wp-content\/uploads\/2023\/11\/FerreteriaDrogueria-Hermanos-Sanchez-Marquez.jpg\" alt=\"\" title=\"Ferreter\u00edaDroguer\u00eda Hermanos S\u00e1nchez M\u00e1rquez\" srcset=\"https:\/\/laluisianaelcampillo.com\/wp-content\/uploads\/2023\/11\/FerreteriaDrogueria-Hermanos-Sanchez-Marquez.jpg 1920w, https:\/\/laluisianaelcampillo.com\/wp-content\/uploads\/2023\/11\/FerreteriaDrogueria-Hermanos-Sanchez-Marquez-300x200.jpg 300w, https:\/\/laluisianaelcampillo.com\/wp-content\/uploads\/2023\/11\/FerreteriaDrogueria-Hermanos-Sanchez-Marquez-1024x683.jpg 1024w, https:\/\/laluisianaelcampillo.com\/wp-content\/uploads\/2023\/11\/FerreteriaDrogueria-Hermanos-Sanchez-Marquez-768x512.jpg 768w, https:\/\/laluisianaelcampillo.com\/wp-content\/uploads\/2023\/11\/FerreteriaDrogueria-Hermanos-Sanchez-Marquez-1536x1024.jpg 1536w\" sizes=\"auto, (max-width: 1920px) 100vw, 1920px\" \/><\/a><\/figure>\n<\/div>\n\n\n\n<div class=\"wp-block-column is-layout-flow wp-block-column-is-layout-flow\">\n<figure class=\"gb-block-image gb-block-image-835ecbed\"><a href=\"https:\/\/laluisianaelcampillo.com\/index.php\/2024\/01\/16\/electrodomesticos-angeles\/\" target=\"_blank\" rel=\"noopener noreferrer\"><img loading=\"lazy\" decoding=\"async\" width=\"2560\" height=\"1696\" class=\"gb-image gb-image-835ecbed\" src=\"http:\/\/laluisianaelcampillo.com\/wp-content\/uploads\/2024\/01\/WWW_1607-scaled.jpg\" alt=\"\" title=\"WWW_1607\" srcset=\"https:\/\/laluisianaelcampillo.com\/wp-content\/uploads\/2024\/01\/WWW_1607-scaled.jpg 2560w, https:\/\/laluisianaelcampillo.com\/wp-content\/uploads\/2024\/01\/WWW_1607-300x199.jpg 300w, https:\/\/laluisianaelcampillo.com\/wp-content\/uploads\/2024\/01\/WWW_1607-1024x678.jpg 1024w, https:\/\/laluisianaelcampillo.com\/wp-content\/uploads\/2024\/01\/WWW_1607-768x509.jpg 768w, https:\/\/laluisianaelcampillo.com\/wp-content\/uploads\/2024\/01\/WWW_1607-1536x1017.jpg 1536w, https:\/\/laluisianaelcampillo.com\/wp-content\/uploads\/2024\/01\/WWW_1607-2048x1356.jpg 2048w\" sizes=\"auto, (max-width: 2560px) 100vw, 2560px\" \/><\/a><\/figure>\n<\/div>\n<\/div>\n\n\n\n<div class=\"wp-block-columns is-layout-flex wp-container-core-columns-is-layout-9d6595d7 wp-block-columns-is-layout-flex\">\n<div class=\"wp-block-column is-layout-flow wp-block-column-is-layout-flow\">\n<figure class=\"gb-block-image gb-block-image-308fc6e1\"><a href=\"https:\/\/laluisianaelcampillo.com\/index.php\/2024\/01\/28\/pescaderia-hnos-palacios\/\" target=\"_blank\" rel=\"noopener noreferrer\"><img loading=\"lazy\" decoding=\"async\" width=\"1920\" height=\"1280\" class=\"gb-image gb-image-308fc6e1\" src=\"http:\/\/laluisianaelcampillo.com\/wp-content\/uploads\/2024\/01\/Pescaderia-HNOS.-PALACIOS.-LA-LUISIANA.jpg\" alt=\"\" title=\"Pescader\u00eda HNOS. PALACIOS. LA LUISIANA\" srcset=\"https:\/\/laluisianaelcampillo.com\/wp-content\/uploads\/2024\/01\/Pescaderia-HNOS.-PALACIOS.-LA-LUISIANA.jpg 1920w, https:\/\/laluisianaelcampillo.com\/wp-content\/uploads\/2024\/01\/Pescaderia-HNOS.-PALACIOS.-LA-LUISIANA-300x200.jpg 300w, https:\/\/laluisianaelcampillo.com\/wp-content\/uploads\/2024\/01\/Pescaderia-HNOS.-PALACIOS.-LA-LUISIANA-1024x683.jpg 1024w, https:\/\/laluisianaelcampillo.com\/wp-content\/uploads\/2024\/01\/Pescaderia-HNOS.-PALACIOS.-LA-LUISIANA-768x512.jpg 768w, https:\/\/laluisianaelcampillo.com\/wp-content\/uploads\/2024\/01\/Pescaderia-HNOS.-PALACIOS.-LA-LUISIANA-1536x1024.jpg 1536w\" sizes=\"auto, (max-width: 1920px) 100vw, 1920px\" \/><\/a><\/figure>\n<\/div>\n\n\n\n<div class=\"wp-block-column is-layout-flow wp-block-column-is-layout-flow\">\n<figure class=\"gb-block-image gb-block-image-dba11cbc\"><a href=\"https:\/\/laluisianaelcampillo.com\/index.php\/2024\/11\/27\/maka-moda\/\" target=\"_blank\" rel=\"noopener noreferrer\"><img loading=\"lazy\" decoding=\"async\" width=\"1920\" height=\"1280\" class=\"gb-image gb-image-dba11cbc\" src=\"http:\/\/laluisianaelcampillo.com\/wp-content\/uploads\/2024\/11\/MAKA-MODA.png\" alt=\"\" title=\"MAKA MODA\" srcset=\"https:\/\/laluisianaelcampillo.com\/wp-content\/uploads\/2024\/11\/MAKA-MODA.png 1920w, https:\/\/laluisianaelcampillo.com\/wp-content\/uploads\/2024\/11\/MAKA-MODA-300x200.png 300w, https:\/\/laluisianaelcampillo.com\/wp-content\/uploads\/2024\/11\/MAKA-MODA-1024x683.png 1024w, https:\/\/laluisianaelcampillo.com\/wp-content\/uploads\/2024\/11\/MAKA-MODA-768x512.png 768w, https:\/\/laluisianaelcampillo.com\/wp-content\/uploads\/2024\/11\/MAKA-MODA-1536x1024.png 1536w\" sizes=\"auto, (max-width: 1920px) 100vw, 1920px\" \/><\/a><\/figure>\n<\/div>\n<\/div>\n\n\n\n<div class=\"wp-block-columns is-layout-flex wp-container-core-columns-is-layout-9d6595d7 wp-block-columns-is-layout-flex\">\n<div class=\"wp-block-column is-layout-flow wp-block-column-is-layout-flow\">\n<figure class=\"gb-block-image gb-block-image-26acd527\"><a href=\"https:\/\/laluisianaelcampillo.com\/index.php\/2025\/01\/04\/eleber-studio\/\" target=\"_blank\" rel=\"noopener noreferrer\"><img loading=\"lazy\" decoding=\"async\" width=\"1920\" height=\"1280\" class=\"gb-image gb-image-26acd527\" src=\"http:\/\/laluisianaelcampillo.com\/wp-content\/uploads\/2025\/01\/1920X1280.png\" alt=\"\" title=\"1920X1280\" srcset=\"https:\/\/laluisianaelcampillo.com\/wp-content\/uploads\/2025\/01\/1920X1280.png 1920w, https:\/\/laluisianaelcampillo.com\/wp-content\/uploads\/2025\/01\/1920X1280-300x200.png 300w, https:\/\/laluisianaelcampillo.com\/wp-content\/uploads\/2025\/01\/1920X1280-1024x683.png 1024w, https:\/\/laluisianaelcampillo.com\/wp-content\/uploads\/2025\/01\/1920X1280-768x512.png 768w, https:\/\/laluisianaelcampillo.com\/wp-content\/uploads\/2025\/01\/1920X1280-1536x1024.png 1536w\" sizes=\"auto, (max-width: 1920px) 100vw, 1920px\" \/><\/a><\/figure>\n<\/div>\n\n\n\n<div class=\"wp-block-column is-layout-flow wp-block-column-is-layout-flow\"><\/div>\n<\/div>\n\n\n\n<p><\/p>\n","protected":false},"excerpt":{"rendered":"<p>Nuestras empresas juegan un papel fundamental en el desarrollo de nuestros pueblos, ya que no solo generan empleo, sino que tambi\u00e9n impulsan el progreso social contribuyendo al bienestar de la comunidad. A trav\u00e9s de la innovaci\u00f3n, la inversi\u00f3n en infraestructuras y el compromiso con nuestra sociedad, nuestras empresas mejoran la calidad de vida de nuestros &#8230; <\/p>\n<p class=\"read-more-container\"><a title=\"Empresas\" class=\"read-more button\" href=\"https:\/\/laluisianaelcampillo.com\/index.php\/empresas\/#more-245\" aria-label=\"Leer m\u00e1s sobre Empresas\">Leer M\u00e1s<\/a><\/p>\n","protected":false},"author":1,"featured_media":1109,"parent":0,"menu_order":0,"comment_status":"closed","ping_status":"closed","template":"","meta":{"ngg_post_thumbnail":0,"footnotes":""},"class_list":{"0":"post-245","1":"page","2":"type-page","3":"status-publish","4":"has-post-thumbnail","6":"no-featured-image-padding"},"yoast_head":"<!-- This site is optimized with the Yoast SEO plugin v27.3 - https:\/\/yoast.com\/product\/yoast-seo-wordpress\/ -->\n<title>Empresas - La Luisiana \/ El Campillo<\/title>\n<meta name=\"robots\" content=\"index, follow, max-snippet:-1, max-image-preview:large, max-video-preview:-1\" \/>\n<link rel=\"canonical\" href=\"https:\/\/laluisianaelcampillo.com\/index.php\/empresas\/\" \/>\n<meta property=\"og:locale\" content=\"es_ES\" \/>\n<meta property=\"og:type\" content=\"article\" \/>\n<meta property=\"og:title\" content=\"Empresas - La Luisiana \/ El Campillo\" \/>\n<meta property=\"og:description\" content=\"Nuestras empresas juegan un papel fundamental en el desarrollo de nuestros pueblos, ya que no solo generan empleo, sino que tambi\u00e9n impulsan el progreso social contribuyendo al bienestar de la comunidad. A trav\u00e9s de la innovaci\u00f3n, la inversi\u00f3n en infraestructuras y el compromiso con nuestra sociedad, nuestras empresas mejoran la calidad de vida de nuestros ... Leer M\u00e1s\" \/>\n<meta property=\"og:url\" content=\"https:\/\/laluisianaelcampillo.com\/index.php\/empresas\/\" \/>\n<meta property=\"og:site_name\" content=\"La Luisiana \/ El Campillo\" \/>\n<meta property=\"article:publisher\" content=\"https:\/\/www.facebook.com\/groups\/laluisianaelcampillo\" \/>\n<meta property=\"article:modified_time\" content=\"2025-01-04T18:03:17+00:00\" \/>\n<meta property=\"og:image\" content=\"http:\/\/laluisianaelcampillo.com\/wp-content\/uploads\/2024\/01\/Empresas-1.jpg\" \/>\n\t<meta property=\"og:image:width\" content=\"1280\" \/>\n\t<meta property=\"og:image:height\" content=\"455\" \/>\n\t<meta property=\"og:image:type\" content=\"image\/jpeg\" \/>\n<meta name=\"twitter:card\" content=\"summary_large_image\" \/>\n<meta name=\"twitter:label1\" content=\"Tiempo de lectura\" \/>\n\t<meta name=\"twitter:data1\" content=\"3 minutos\" \/>\n<script type=\"application\/ld+json\" class=\"yoast-schema-graph\">{\"@context\":\"https:\\\/\\\/schema.org\",\"@graph\":[{\"@type\":\"WebPage\",\"@id\":\"https:\\\/\\\/laluisianaelcampillo.com\\\/index.php\\\/empresas\\\/\",\"url\":\"https:\\\/\\\/laluisianaelcampillo.com\\\/index.php\\\/empresas\\\/\",\"name\":\"Empresas - La Luisiana \\\/ El Campillo\",\"isPartOf\":{\"@id\":\"https:\\\/\\\/laluisianaelcampillo.com\\\/#website\"},\"primaryImageOfPage\":{\"@id\":\"https:\\\/\\\/laluisianaelcampillo.com\\\/index.php\\\/empresas\\\/#primaryimage\"},\"image\":{\"@id\":\"https:\\\/\\\/laluisianaelcampillo.com\\\/index.php\\\/empresas\\\/#primaryimage\"},\"thumbnailUrl\":\"https:\\\/\\\/laluisianaelcampillo.com\\\/wp-content\\\/uploads\\\/2024\\\/01\\\/Empresas-1.jpg\",\"datePublished\":\"2023-09-27T12:06:06+00:00\",\"dateModified\":\"2025-01-04T18:03:17+00:00\",\"breadcrumb\":{\"@id\":\"https:\\\/\\\/laluisianaelcampillo.com\\\/index.php\\\/empresas\\\/#breadcrumb\"},\"inLanguage\":\"es\",\"potentialAction\":[{\"@type\":\"ReadAction\",\"target\":[\"https:\\\/\\\/laluisianaelcampillo.com\\\/index.php\\\/empresas\\\/\"]}]},{\"@type\":\"ImageObject\",\"inLanguage\":\"es\",\"@id\":\"https:\\\/\\\/laluisianaelcampillo.com\\\/index.php\\\/empresas\\\/#primaryimage\",\"url\":\"https:\\\/\\\/laluisianaelcampillo.com\\\/wp-content\\\/uploads\\\/2024\\\/01\\\/Empresas-1.jpg\",\"contentUrl\":\"https:\\\/\\\/laluisianaelcampillo.com\\\/wp-content\\\/uploads\\\/2024\\\/01\\\/Empresas-1.jpg\",\"width\":1280,\"height\":455},{\"@type\":\"BreadcrumbList\",\"@id\":\"https:\\\/\\\/laluisianaelcampillo.com\\\/index.php\\\/empresas\\\/#breadcrumb\",\"itemListElement\":[{\"@type\":\"ListItem\",\"position\":1,\"name\":\"Portada\",\"item\":\"https:\\\/\\\/laluisianaelcampillo.com\\\/\"},{\"@type\":\"ListItem\",\"position\":2,\"name\":\"Empresas\"}]},{\"@type\":\"WebSite\",\"@id\":\"https:\\\/\\\/laluisianaelcampillo.com\\\/#website\",\"url\":\"https:\\\/\\\/laluisianaelcampillo.com\\\/\",\"name\":\"La Luisiana \\\/ El Campillo\",\"description\":\"La Luisiana \\\/ El Campillo\",\"publisher\":{\"@id\":\"https:\\\/\\\/laluisianaelcampillo.com\\\/#organization\"},\"potentialAction\":[{\"@type\":\"SearchAction\",\"target\":{\"@type\":\"EntryPoint\",\"urlTemplate\":\"https:\\\/\\\/laluisianaelcampillo.com\\\/?s={search_term_string}\"},\"query-input\":{\"@type\":\"PropertyValueSpecification\",\"valueRequired\":true,\"valueName\":\"search_term_string\"}}],\"inLanguage\":\"es\"},{\"@type\":\"Organization\",\"@id\":\"https:\\\/\\\/laluisianaelcampillo.com\\\/#organization\",\"name\":\"La Luisiana \\\/ El Campillo\",\"url\":\"https:\\\/\\\/laluisianaelcampillo.com\\\/\",\"logo\":{\"@type\":\"ImageObject\",\"inLanguage\":\"es\",\"@id\":\"https:\\\/\\\/laluisianaelcampillo.com\\\/#\\\/schema\\\/logo\\\/image\\\/\",\"url\":\"https:\\\/\\\/laluisianaelcampillo.com\\\/wp-content\\\/uploads\\\/2023\\\/09\\\/cropped-Cartel-entrada-Video.-Grupo-La-Luisiana.-El-Campillo-1.png\",\"contentUrl\":\"https:\\\/\\\/laluisianaelcampillo.com\\\/wp-content\\\/uploads\\\/2023\\\/09\\\/cropped-Cartel-entrada-Video.-Grupo-La-Luisiana.-El-Campillo-1.png\",\"width\":512,\"height\":512,\"caption\":\"La Luisiana \\\/ El Campillo\"},\"image\":{\"@id\":\"https:\\\/\\\/laluisianaelcampillo.com\\\/#\\\/schema\\\/logo\\\/image\\\/\"},\"sameAs\":[\"https:\\\/\\\/www.facebook.com\\\/groups\\\/laluisianaelcampillo\"]}]}<\/script>\n<!-- \/ Yoast SEO plugin. -->","yoast_head_json":{"title":"Empresas - La Luisiana \/ El Campillo","robots":{"index":"index","follow":"follow","max-snippet":"max-snippet:-1","max-image-preview":"max-image-preview:large","max-video-preview":"max-video-preview:-1"},"canonical":"https:\/\/laluisianaelcampillo.com\/index.php\/empresas\/","og_locale":"es_ES","og_type":"article","og_title":"Empresas - La Luisiana \/ El Campillo","og_description":"Nuestras empresas juegan un papel fundamental en el desarrollo de nuestros pueblos, ya que no solo generan empleo, sino que tambi\u00e9n impulsan el progreso social contribuyendo al bienestar de la comunidad. A trav\u00e9s de la innovaci\u00f3n, la inversi\u00f3n en infraestructuras y el compromiso con nuestra sociedad, nuestras empresas mejoran la calidad de vida de nuestros ... Leer M\u00e1s","og_url":"https:\/\/laluisianaelcampillo.com\/index.php\/empresas\/","og_site_name":"La Luisiana \/ El Campillo","article_publisher":"https:\/\/www.facebook.com\/groups\/laluisianaelcampillo","article_modified_time":"2025-01-04T18:03:17+00:00","og_image":[{"width":1280,"height":455,"url":"http:\/\/laluisianaelcampillo.com\/wp-content\/uploads\/2024\/01\/Empresas-1.jpg","type":"image\/jpeg"}],"twitter_card":"summary_large_image","twitter_misc":{"Tiempo de lectura":"3 minutos"},"schema":{"@context":"https:\/\/schema.org","@graph":[{"@type":"WebPage","@id":"https:\/\/laluisianaelcampillo.com\/index.php\/empresas\/","url":"https:\/\/laluisianaelcampillo.com\/index.php\/empresas\/","name":"Empresas - La Luisiana \/ El Campillo","isPartOf":{"@id":"https:\/\/laluisianaelcampillo.com\/#website"},"primaryImageOfPage":{"@id":"https:\/\/laluisianaelcampillo.com\/index.php\/empresas\/#primaryimage"},"image":{"@id":"https:\/\/laluisianaelcampillo.com\/index.php\/empresas\/#primaryimage"},"thumbnailUrl":"https:\/\/laluisianaelcampillo.com\/wp-content\/uploads\/2024\/01\/Empresas-1.jpg","datePublished":"2023-09-27T12:06:06+00:00","dateModified":"2025-01-04T18:03:17+00:00","breadcrumb":{"@id":"https:\/\/laluisianaelcampillo.com\/index.php\/empresas\/#breadcrumb"},"inLanguage":"es","potentialAction":[{"@type":"ReadAction","target":["https:\/\/laluisianaelcampillo.com\/index.php\/empresas\/"]}]},{"@type":"ImageObject","inLanguage":"es","@id":"https:\/\/laluisianaelcampillo.com\/index.php\/empresas\/#primaryimage","url":"https:\/\/laluisianaelcampillo.com\/wp-content\/uploads\/2024\/01\/Empresas-1.jpg","contentUrl":"https:\/\/laluisianaelcampillo.com\/wp-content\/uploads\/2024\/01\/Empresas-1.jpg","width":1280,"height":455},{"@type":"BreadcrumbList","@id":"https:\/\/laluisianaelcampillo.com\/index.php\/empresas\/#breadcrumb","itemListElement":[{"@type":"ListItem","position":1,"name":"Portada","item":"https:\/\/laluisianaelcampillo.com\/"},{"@type":"ListItem","position":2,"name":"Empresas"}]},{"@type":"WebSite","@id":"https:\/\/laluisianaelcampillo.com\/#website","url":"https:\/\/laluisianaelcampillo.com\/","name":"La Luisiana \/ El Campillo","description":"La Luisiana \/ El Campillo","publisher":{"@id":"https:\/\/laluisianaelcampillo.com\/#organization"},"potentialAction":[{"@type":"SearchAction","target":{"@type":"EntryPoint","urlTemplate":"https:\/\/laluisianaelcampillo.com\/?s={search_term_string}"},"query-input":{"@type":"PropertyValueSpecification","valueRequired":true,"valueName":"search_term_string"}}],"inLanguage":"es"},{"@type":"Organization","@id":"https:\/\/laluisianaelcampillo.com\/#organization","name":"La Luisiana \/ El Campillo","url":"https:\/\/laluisianaelcampillo.com\/","logo":{"@type":"ImageObject","inLanguage":"es","@id":"https:\/\/laluisianaelcampillo.com\/#\/schema\/logo\/image\/","url":"https:\/\/laluisianaelcampillo.com\/wp-content\/uploads\/2023\/09\/cropped-Cartel-entrada-Video.-Grupo-La-Luisiana.-El-Campillo-1.png","contentUrl":"https:\/\/laluisianaelcampillo.com\/wp-content\/uploads\/2023\/09\/cropped-Cartel-entrada-Video.-Grupo-La-Luisiana.-El-Campillo-1.png","width":512,"height":512,"caption":"La Luisiana \/ El Campillo"},"image":{"@id":"https:\/\/laluisianaelcampillo.com\/#\/schema\/logo\/image\/"},"sameAs":["https:\/\/www.facebook.com\/groups\/laluisianaelcampillo"]}]}},"_links":{"self":[{"href":"https:\/\/laluisianaelcampillo.com\/index.php\/wp-json\/wp\/v2\/pages\/245","targetHints":{"allow":["GET"]}}],"collection":[{"href":"https:\/\/laluisianaelcampillo.com\/index.php\/wp-json\/wp\/v2\/pages"}],"about":[{"href":"https:\/\/laluisianaelcampillo.com\/index.php\/wp-json\/wp\/v2\/types\/page"}],"author":[{"embeddable":true,"href":"https:\/\/laluisianaelcampillo.com\/index.php\/wp-json\/wp\/v2\/users\/1"}],"replies":[{"embeddable":true,"href":"https:\/\/laluisianaelcampillo.com\/index.php\/wp-json\/wp\/v2\/comments?post=245"}],"version-history":[{"count":30,"href":"https:\/\/laluisianaelcampillo.com\/index.php\/wp-json\/wp\/v2\/pages\/245\/revisions"}],"predecessor-version":[{"id":1675,"href":"https:\/\/laluisianaelcampillo.com\/index.php\/wp-json\/wp\/v2\/pages\/245\/revisions\/1675"}],"wp:featuredmedia":[{"embeddable":true,"href":"https:\/\/laluisianaelcampillo.com\/index.php\/wp-json\/wp\/v2\/media\/1109"}],"wp:attachment":[{"href":"https:\/\/laluisianaelcampillo.com\/index.php\/wp-json\/wp\/v2\/media?parent=245"}],"curies":[{"name":"wp","href":"https:\/\/api.w.org\/{rel}","templated":true}]}}