{"id":181,"date":"2023-09-26T23:30:16","date_gmt":"2023-09-26T23:30:16","guid":{"rendered":"https:\/\/laluisianaelcampillo.com\/?page_id=181"},"modified":"2024-02-10T19:39:25","modified_gmt":"2024-02-10T19:39:25","slug":"quienes-somos","status":"publish","type":"page","link":"https:\/\/laluisianaelcampillo.com\/index.php\/quienes-somos\/","title":{"rendered":"\u00bfQui\u00e9nes somos?"},"content":{"rendered":"<p style=\"text-align: justify;\">El t\u00e9rmino municipal de La Luisiana est\u00e1 situado en la parte m\u00e1s oriental de la provincia de Sevilla formando parte de la comarca natural de \u00abLa Campi\u00f1a Sevillana\u00bb. Est\u00e1 formado por dos pueblos hermanos con identidades culturales distintas, <strong>La Luisiana y El Campillo.&nbsp;<\/strong><\/p>\n<p style=\"text-align: justify;\">Su econom\u00eda principal est\u00e1 basada en el sector primario. El sistema agrario predominante es el latifundio y el tipo de explotaci\u00f3n agr\u00edcola es el secano, siendo los principales cultivos los cereales (trigo, cebada, etc\u2026), as\u00ed como el girasol, present\u00e1ndose en menor medida cultivos de remolacha, algod\u00f3n y garbanzos. Aunque tenemos que afirmar que la actividad industrial est\u00e1 cada vez m\u00e1s desarrollada con empresas &nbsp;del sector de construcci\u00f3n,&nbsp; derivados del olivo, servicios, alimentaci\u00f3n, hosteler\u00eda etc..<\/p>\n<p>El escritor D. Jos\u00e9 Antonio Rivero (El Campillo) y el vecino D. Francisco Cadenas Ojeda (La Luisiana) nos describen nuestra historia:<\/p>\n<p><em>Jos\u00e9 Antonio Rivero:<\/em><\/p>\n<p style=\"text-align: justify;\">El 5 de julio de 1767 se publica el Fuero de las \u201cNuevas poblaciones de Sierra Morena y Andaluc\u00eda\u201d, que contiene las normas b\u00e1sicas para repoblar el Camino Real desde Sevilla hasta Despe\u00f1aperros bajo el mandato de Pablo de Olavide, con el fin de proteger las mercanc\u00edas y viajeros de los bandoleros.<\/p>\n<p style=\"text-align: justify;\">El plan lleg\u00f3 a alcanzar tal dimensi\u00f3n, que durante los a\u00f1os que van desde 1767 hasta 1835, las colonias fueron consideradas como la quinta provincia que, junto a los reinos de Ja\u00e9n, C\u00f3rdoba, Sevilla y Granada, conformaban Andaluc\u00eda. Con esta premisa, se trajeron alrededor de seis mil colonos de diferentes pa\u00edses centroeuropeos para repoblar los asentamientos que se estaban construyendo. As\u00ed, en noviembre de 1768 llegaron los primeros colonos a la feligres\u00eda de La Luisiana, construida en los bald\u00edos de Mochales en torno a la antigua \u201cVenta Quemada\u201d.<\/p>\n<p style=\"text-align: justify;\">Estos primeros colonos, alemanes y franceses principalmente, se fueron asentando en las suertes cercanas al Camino Real y al n\u00facleo poblacional. A medida que iban llegando nuevas familias, los terrenos disponibles se iban alejando, haciendo que la distancia hasta la poblaci\u00f3n fuera cada vez mayor y dificultando el traslado, tanto de trabajadores, como de aperos, ganados y mercanc\u00edas. Adem\u00e1s, estaba el problema de que la colonia se hab\u00eda construido en la parte sur del terreno destinado para la repoblaci\u00f3n, lindando con el t\u00e9rmino municipal de \u00c9cija, lo que provocaba que hubiera una gran distancia hasta las \u00faltimas suertes situadas al norte, rayando el t\u00e9rmino municipal de Palma del R\u00edo.<\/p>\n<p style=\"text-align: justify;\">Conocedor de esta situaci\u00f3n, el por entonces Comandante Civil de La Luisiana, Ceferino Xim\u00e9nez, escribi\u00f3 una carta fechada el 16 de julio de 1769 a Fernando de Quintanilla, subdelegado de La Carlota, para proponerle la creaci\u00f3n de varias aldeas situadas en enclaves estrat\u00e9gicos con el fin de subsanar el problema. De esta manera se inicia la construcci\u00f3n de Ca\u00f1ada Rosal, El Campillo y Los Motillos, desaparecido a mediados del siglo XIX.<\/p>\n\n<div class=\"gb-container gb-container-b626a69e\">\n<div class=\"gb-container gb-container-d1d55bb4\">\n<div class=\"gb-container gb-container-b51fd668\">\n\n<div class=\"wp-block-columns is-layout-flex wp-container-core-columns-is-layout-9d6595d7 wp-block-columns-is-layout-flex\">\n<div class=\"wp-block-column is-layout-flow wp-block-column-is-layout-flow\">\n<figure class=\"wp-block-image size-large\"><a href=\"https:\/\/laluisianaelcampillo.com\/index.php\/2023\/09\/27\/historia-de-el-campillo\/\" target=\"_blank\" rel=\"noreferrer noopener\"><img loading=\"lazy\" decoding=\"async\" width=\"1024\" height=\"683\" src=\"http:\/\/laluisianaelcampillo.com\/wp-content\/uploads\/2023\/09\/Historia-de-El-Campillo-2-1024x683.jpg\" alt=\"\" class=\"wp-image-202\" srcset=\"https:\/\/laluisianaelcampillo.com\/wp-content\/uploads\/2023\/09\/Historia-de-El-Campillo-2-1024x683.jpg 1024w, https:\/\/laluisianaelcampillo.com\/wp-content\/uploads\/2023\/09\/Historia-de-El-Campillo-2-300x200.jpg 300w, https:\/\/laluisianaelcampillo.com\/wp-content\/uploads\/2023\/09\/Historia-de-El-Campillo-2-768x512.jpg 768w, https:\/\/laluisianaelcampillo.com\/wp-content\/uploads\/2023\/09\/Historia-de-El-Campillo-2-1536x1024.jpg 1536w, https:\/\/laluisianaelcampillo.com\/wp-content\/uploads\/2023\/09\/Historia-de-El-Campillo-2.jpg 1920w\" sizes=\"auto, (max-width: 1024px) 100vw, 1024px\" \/><\/a><figcaption class=\"wp-element-caption\"><em>Haz clic en la imagen<\/em><\/figcaption><\/figure>\n\n\n\n<p><\/p>\n<\/div>\n\n\n\n<div class=\"wp-block-column is-layout-flow wp-block-column-is-layout-flow\">\n<figure class=\"wp-block-image size-large\"><a href=\"https:\/\/laluisianaelcampillo.com\/index.php\/2023\/09\/29\/historia-de-la-luisiana\/\" target=\"_blank\" rel=\"noreferrer noopener\"><img loading=\"lazy\" decoding=\"async\" width=\"1024\" height=\"683\" src=\"http:\/\/laluisianaelcampillo.com\/wp-content\/uploads\/2023\/09\/Historia-de-El-Campillo-1024x683.jpg\" alt=\"\" class=\"wp-image-199\" srcset=\"https:\/\/laluisianaelcampillo.com\/wp-content\/uploads\/2023\/09\/Historia-de-El-Campillo-1024x683.jpg 1024w, https:\/\/laluisianaelcampillo.com\/wp-content\/uploads\/2023\/09\/Historia-de-El-Campillo-300x200.jpg 300w, https:\/\/laluisianaelcampillo.com\/wp-content\/uploads\/2023\/09\/Historia-de-El-Campillo-768x512.jpg 768w, https:\/\/laluisianaelcampillo.com\/wp-content\/uploads\/2023\/09\/Historia-de-El-Campillo-1536x1024.jpg 1536w, https:\/\/laluisianaelcampillo.com\/wp-content\/uploads\/2023\/09\/Historia-de-El-Campillo.jpg 1920w\" sizes=\"auto, (max-width: 1024px) 100vw, 1024px\" \/><\/a><figcaption class=\"wp-element-caption\"><em>Haz clic en la imagen<\/em><\/figcaption><\/figure>\n<\/div>\n<\/div>\n\n<\/div>\n<\/div>\n<\/div>","protected":false},"excerpt":{"rendered":"<p>El t\u00e9rmino municipal de La Luisiana est\u00e1 situado en la parte m\u00e1s oriental de la provincia de Sevilla formando parte de la comarca natural de \u00abLa Campi\u00f1a Sevillana\u00bb. Est\u00e1 formado por dos pueblos hermanos con identidades culturales distintas, La Luisiana y El Campillo.&nbsp; Su econom\u00eda principal est\u00e1 basada en el sector primario. El sistema agrario &#8230; <\/p>\n<p class=\"read-more-container\"><a title=\"\u00bfQui\u00e9nes somos?\" class=\"read-more button\" href=\"https:\/\/laluisianaelcampillo.com\/index.php\/quienes-somos\/#more-181\" aria-label=\"Leer m\u00e1s sobre \u00bfQui\u00e9nes somos?\">Leer M\u00e1s<\/a><\/p>\n","protected":false},"author":1,"featured_media":1098,"parent":0,"menu_order":0,"comment_status":"closed","ping_status":"closed","template":"","meta":{"ngg_post_thumbnail":0,"footnotes":""},"class_list":{"0":"post-181","1":"page","2":"type-page","3":"status-publish","4":"has-post-thumbnail","6":"no-featured-image-padding"},"yoast_head":"<!-- This site is optimized with the Yoast SEO plugin v27.3 - https:\/\/yoast.com\/product\/yoast-seo-wordpress\/ -->\n<title>\u00bfQui\u00e9nes somos? - La Luisiana \/ El Campillo<\/title>\n<meta name=\"robots\" content=\"index, follow, max-snippet:-1, max-image-preview:large, max-video-preview:-1\" \/>\n<link rel=\"canonical\" href=\"https:\/\/laluisianaelcampillo.com\/index.php\/quienes-somos\/\" \/>\n<meta property=\"og:locale\" content=\"es_ES\" \/>\n<meta property=\"og:type\" content=\"article\" \/>\n<meta property=\"og:title\" content=\"\u00bfQui\u00e9nes somos? - La Luisiana \/ El Campillo\" \/>\n<meta property=\"og:description\" content=\"El t\u00e9rmino municipal de La Luisiana est\u00e1 situado en la parte m\u00e1s oriental de la provincia de Sevilla formando parte de la comarca natural de \u00abLa Campi\u00f1a Sevillana\u00bb. Est\u00e1 formado por dos pueblos hermanos con identidades culturales distintas, La Luisiana y El Campillo.&nbsp; Su econom\u00eda principal est\u00e1 basada en el sector primario. El sistema agrario ... Leer M\u00e1s\" \/>\n<meta property=\"og:url\" content=\"https:\/\/laluisianaelcampillo.com\/index.php\/quienes-somos\/\" \/>\n<meta property=\"og:site_name\" content=\"La Luisiana \/ El Campillo\" \/>\n<meta property=\"article:publisher\" content=\"https:\/\/www.facebook.com\/groups\/laluisianaelcampillo\" \/>\n<meta property=\"article:modified_time\" content=\"2024-02-10T19:39:25+00:00\" \/>\n<meta property=\"og:image\" content=\"http:\/\/laluisianaelcampillo.com\/wp-content\/uploads\/2024\/01\/\u00a1Quienes-somos.jpg\" \/>\n\t<meta property=\"og:image:width\" content=\"1280\" \/>\n\t<meta property=\"og:image:height\" content=\"455\" \/>\n\t<meta property=\"og:image:type\" content=\"image\/jpeg\" \/>\n<meta name=\"twitter:card\" content=\"summary_large_image\" \/>\n<meta name=\"twitter:label1\" content=\"Tiempo de lectura\" \/>\n\t<meta name=\"twitter:data1\" content=\"3 minutos\" \/>\n<script type=\"application\/ld+json\" class=\"yoast-schema-graph\">{\"@context\":\"https:\\\/\\\/schema.org\",\"@graph\":[{\"@type\":\"WebPage\",\"@id\":\"https:\\\/\\\/laluisianaelcampillo.com\\\/index.php\\\/quienes-somos\\\/\",\"url\":\"https:\\\/\\\/laluisianaelcampillo.com\\\/index.php\\\/quienes-somos\\\/\",\"name\":\"\u00bfQui\u00e9nes somos? - La Luisiana \\\/ El Campillo\",\"isPartOf\":{\"@id\":\"https:\\\/\\\/laluisianaelcampillo.com\\\/#website\"},\"primaryImageOfPage\":{\"@id\":\"https:\\\/\\\/laluisianaelcampillo.com\\\/index.php\\\/quienes-somos\\\/#primaryimage\"},\"image\":{\"@id\":\"https:\\\/\\\/laluisianaelcampillo.com\\\/index.php\\\/quienes-somos\\\/#primaryimage\"},\"thumbnailUrl\":\"https:\\\/\\\/laluisianaelcampillo.com\\\/wp-content\\\/uploads\\\/2024\\\/01\\\/\u00a1Quienes-somos.jpg\",\"datePublished\":\"2023-09-26T23:30:16+00:00\",\"dateModified\":\"2024-02-10T19:39:25+00:00\",\"breadcrumb\":{\"@id\":\"https:\\\/\\\/laluisianaelcampillo.com\\\/index.php\\\/quienes-somos\\\/#breadcrumb\"},\"inLanguage\":\"es\",\"potentialAction\":[{\"@type\":\"ReadAction\",\"target\":[\"https:\\\/\\\/laluisianaelcampillo.com\\\/index.php\\\/quienes-somos\\\/\"]}]},{\"@type\":\"ImageObject\",\"inLanguage\":\"es\",\"@id\":\"https:\\\/\\\/laluisianaelcampillo.com\\\/index.php\\\/quienes-somos\\\/#primaryimage\",\"url\":\"https:\\\/\\\/laluisianaelcampillo.com\\\/wp-content\\\/uploads\\\/2024\\\/01\\\/\u00a1Quienes-somos.jpg\",\"contentUrl\":\"https:\\\/\\\/laluisianaelcampillo.com\\\/wp-content\\\/uploads\\\/2024\\\/01\\\/\u00a1Quienes-somos.jpg\",\"width\":1280,\"height\":455},{\"@type\":\"BreadcrumbList\",\"@id\":\"https:\\\/\\\/laluisianaelcampillo.com\\\/index.php\\\/quienes-somos\\\/#breadcrumb\",\"itemListElement\":[{\"@type\":\"ListItem\",\"position\":1,\"name\":\"Portada\",\"item\":\"https:\\\/\\\/laluisianaelcampillo.com\\\/\"},{\"@type\":\"ListItem\",\"position\":2,\"name\":\"\u00bfQui\u00e9nes somos?\"}]},{\"@type\":\"WebSite\",\"@id\":\"https:\\\/\\\/laluisianaelcampillo.com\\\/#website\",\"url\":\"https:\\\/\\\/laluisianaelcampillo.com\\\/\",\"name\":\"La Luisiana \\\/ El Campillo\",\"description\":\"La Luisiana \\\/ El Campillo\",\"publisher\":{\"@id\":\"https:\\\/\\\/laluisianaelcampillo.com\\\/#organization\"},\"potentialAction\":[{\"@type\":\"SearchAction\",\"target\":{\"@type\":\"EntryPoint\",\"urlTemplate\":\"https:\\\/\\\/laluisianaelcampillo.com\\\/?s={search_term_string}\"},\"query-input\":{\"@type\":\"PropertyValueSpecification\",\"valueRequired\":true,\"valueName\":\"search_term_string\"}}],\"inLanguage\":\"es\"},{\"@type\":\"Organization\",\"@id\":\"https:\\\/\\\/laluisianaelcampillo.com\\\/#organization\",\"name\":\"La Luisiana \\\/ El Campillo\",\"url\":\"https:\\\/\\\/laluisianaelcampillo.com\\\/\",\"logo\":{\"@type\":\"ImageObject\",\"inLanguage\":\"es\",\"@id\":\"https:\\\/\\\/laluisianaelcampillo.com\\\/#\\\/schema\\\/logo\\\/image\\\/\",\"url\":\"https:\\\/\\\/laluisianaelcampillo.com\\\/wp-content\\\/uploads\\\/2023\\\/09\\\/cropped-Cartel-entrada-Video.-Grupo-La-Luisiana.-El-Campillo-1.png\",\"contentUrl\":\"https:\\\/\\\/laluisianaelcampillo.com\\\/wp-content\\\/uploads\\\/2023\\\/09\\\/cropped-Cartel-entrada-Video.-Grupo-La-Luisiana.-El-Campillo-1.png\",\"width\":512,\"height\":512,\"caption\":\"La Luisiana \\\/ El Campillo\"},\"image\":{\"@id\":\"https:\\\/\\\/laluisianaelcampillo.com\\\/#\\\/schema\\\/logo\\\/image\\\/\"},\"sameAs\":[\"https:\\\/\\\/www.facebook.com\\\/groups\\\/laluisianaelcampillo\"]}]}<\/script>\n<!-- \/ Yoast SEO plugin. -->","yoast_head_json":{"title":"\u00bfQui\u00e9nes somos? - La Luisiana \/ El Campillo","robots":{"index":"index","follow":"follow","max-snippet":"max-snippet:-1","max-image-preview":"max-image-preview:large","max-video-preview":"max-video-preview:-1"},"canonical":"https:\/\/laluisianaelcampillo.com\/index.php\/quienes-somos\/","og_locale":"es_ES","og_type":"article","og_title":"\u00bfQui\u00e9nes somos? - La Luisiana \/ El Campillo","og_description":"El t\u00e9rmino municipal de La Luisiana est\u00e1 situado en la parte m\u00e1s oriental de la provincia de Sevilla formando parte de la comarca natural de \u00abLa Campi\u00f1a Sevillana\u00bb. Est\u00e1 formado por dos pueblos hermanos con identidades culturales distintas, La Luisiana y El Campillo.&nbsp; Su econom\u00eda principal est\u00e1 basada en el sector primario. El sistema agrario ... Leer M\u00e1s","og_url":"https:\/\/laluisianaelcampillo.com\/index.php\/quienes-somos\/","og_site_name":"La Luisiana \/ El Campillo","article_publisher":"https:\/\/www.facebook.com\/groups\/laluisianaelcampillo","article_modified_time":"2024-02-10T19:39:25+00:00","og_image":[{"width":1280,"height":455,"url":"http:\/\/laluisianaelcampillo.com\/wp-content\/uploads\/2024\/01\/\u00a1Quienes-somos.jpg","type":"image\/jpeg"}],"twitter_card":"summary_large_image","twitter_misc":{"Tiempo de lectura":"3 minutos"},"schema":{"@context":"https:\/\/schema.org","@graph":[{"@type":"WebPage","@id":"https:\/\/laluisianaelcampillo.com\/index.php\/quienes-somos\/","url":"https:\/\/laluisianaelcampillo.com\/index.php\/quienes-somos\/","name":"\u00bfQui\u00e9nes somos? - La Luisiana \/ El Campillo","isPartOf":{"@id":"https:\/\/laluisianaelcampillo.com\/#website"},"primaryImageOfPage":{"@id":"https:\/\/laluisianaelcampillo.com\/index.php\/quienes-somos\/#primaryimage"},"image":{"@id":"https:\/\/laluisianaelcampillo.com\/index.php\/quienes-somos\/#primaryimage"},"thumbnailUrl":"https:\/\/laluisianaelcampillo.com\/wp-content\/uploads\/2024\/01\/\u00a1Quienes-somos.jpg","datePublished":"2023-09-26T23:30:16+00:00","dateModified":"2024-02-10T19:39:25+00:00","breadcrumb":{"@id":"https:\/\/laluisianaelcampillo.com\/index.php\/quienes-somos\/#breadcrumb"},"inLanguage":"es","potentialAction":[{"@type":"ReadAction","target":["https:\/\/laluisianaelcampillo.com\/index.php\/quienes-somos\/"]}]},{"@type":"ImageObject","inLanguage":"es","@id":"https:\/\/laluisianaelcampillo.com\/index.php\/quienes-somos\/#primaryimage","url":"https:\/\/laluisianaelcampillo.com\/wp-content\/uploads\/2024\/01\/\u00a1Quienes-somos.jpg","contentUrl":"https:\/\/laluisianaelcampillo.com\/wp-content\/uploads\/2024\/01\/\u00a1Quienes-somos.jpg","width":1280,"height":455},{"@type":"BreadcrumbList","@id":"https:\/\/laluisianaelcampillo.com\/index.php\/quienes-somos\/#breadcrumb","itemListElement":[{"@type":"ListItem","position":1,"name":"Portada","item":"https:\/\/laluisianaelcampillo.com\/"},{"@type":"ListItem","position":2,"name":"\u00bfQui\u00e9nes somos?"}]},{"@type":"WebSite","@id":"https:\/\/laluisianaelcampillo.com\/#website","url":"https:\/\/laluisianaelcampillo.com\/","name":"La Luisiana \/ El Campillo","description":"La Luisiana \/ El Campillo","publisher":{"@id":"https:\/\/laluisianaelcampillo.com\/#organization"},"potentialAction":[{"@type":"SearchAction","target":{"@type":"EntryPoint","urlTemplate":"https:\/\/laluisianaelcampillo.com\/?s={search_term_string}"},"query-input":{"@type":"PropertyValueSpecification","valueRequired":true,"valueName":"search_term_string"}}],"inLanguage":"es"},{"@type":"Organization","@id":"https:\/\/laluisianaelcampillo.com\/#organization","name":"La Luisiana \/ El Campillo","url":"https:\/\/laluisianaelcampillo.com\/","logo":{"@type":"ImageObject","inLanguage":"es","@id":"https:\/\/laluisianaelcampillo.com\/#\/schema\/logo\/image\/","url":"https:\/\/laluisianaelcampillo.com\/wp-content\/uploads\/2023\/09\/cropped-Cartel-entrada-Video.-Grupo-La-Luisiana.-El-Campillo-1.png","contentUrl":"https:\/\/laluisianaelcampillo.com\/wp-content\/uploads\/2023\/09\/cropped-Cartel-entrada-Video.-Grupo-La-Luisiana.-El-Campillo-1.png","width":512,"height":512,"caption":"La Luisiana \/ El Campillo"},"image":{"@id":"https:\/\/laluisianaelcampillo.com\/#\/schema\/logo\/image\/"},"sameAs":["https:\/\/www.facebook.com\/groups\/laluisianaelcampillo"]}]}},"_links":{"self":[{"href":"https:\/\/laluisianaelcampillo.com\/index.php\/wp-json\/wp\/v2\/pages\/181","targetHints":{"allow":["GET"]}}],"collection":[{"href":"https:\/\/laluisianaelcampillo.com\/index.php\/wp-json\/wp\/v2\/pages"}],"about":[{"href":"https:\/\/laluisianaelcampillo.com\/index.php\/wp-json\/wp\/v2\/types\/page"}],"author":[{"embeddable":true,"href":"https:\/\/laluisianaelcampillo.com\/index.php\/wp-json\/wp\/v2\/users\/1"}],"replies":[{"embeddable":true,"href":"https:\/\/laluisianaelcampillo.com\/index.php\/wp-json\/wp\/v2\/comments?post=181"}],"version-history":[{"count":21,"href":"https:\/\/laluisianaelcampillo.com\/index.php\/wp-json\/wp\/v2\/pages\/181\/revisions"}],"predecessor-version":[{"id":1216,"href":"https:\/\/laluisianaelcampillo.com\/index.php\/wp-json\/wp\/v2\/pages\/181\/revisions\/1216"}],"wp:featuredmedia":[{"embeddable":true,"href":"https:\/\/laluisianaelcampillo.com\/index.php\/wp-json\/wp\/v2\/media\/1098"}],"wp:attachment":[{"href":"https:\/\/laluisianaelcampillo.com\/index.php\/wp-json\/wp\/v2\/media?parent=181"}],"curies":[{"name":"wp","href":"https:\/\/api.w.org\/{rel}","templated":true}]}}